{"id":58667,"date":"2020-09-23T10:04:55","date_gmt":"2020-09-23T08:04:55","guid":{"rendered":"https:\/\/www.insar.si\/projects\/"},"modified":"2020-10-28T11:54:17","modified_gmt":"2020-10-28T10:54:17","slug":"projekte","status":"publish","type":"page","link":"https:\/\/www.insar.eu\/de\/projekte\/","title":{"rendered":"Projekt E-poslovanje 2019-2022"},"content":{"rendered":"\t\t<div data-elementor-type=\"wp-page\" data-elementor-id=\"58667\" class=\"elementor elementor-58667 elementor-58645\" data-elementor-post-type=\"page\">\n\t\t\t\t\t\t<section class=\"elementor-section elementor-top-section elementor-element elementor-element-a4aa3b3 elementor-section-boxed elementor-section-height-default elementor-section-height-default\" data-id=\"a4aa3b3\" data-element_type=\"section\" data-e-type=\"section\">\n\t\t\t\t\t\t<div class=\"elementor-container elementor-column-gap-default\">\n\t\t\t\t\t<div class=\"elementor-column elementor-col-100 elementor-top-column elementor-element elementor-element-3498543\" data-id=\"3498543\" data-element_type=\"column\" data-e-type=\"column\">\n\t\t\t<div class=\"elementor-widget-wrap elementor-element-populated\">\n\t\t\t\t\t\t<div class=\"elementor-element elementor-element-f5e12ec elementor-widget elementor-widget-text-editor\" data-id=\"f5e12ec\" data-element_type=\"widget\" data-e-type=\"widget\" data-widget_type=\"text-editor.default\">\n\t\t\t\t<div class=\"elementor-widget-container\">\n\t\t\t\t\t\t\t\t\t<h2>Digitalisierung in Firma Insar<\/h2><p><span class=\"tlid-translation translation\" lang=\"de\">Insar d.o.o. ist ein Anbieter moderner L\u00f6sungen im Bereich der Sekund\u00e4r- und Terti\u00e4rverpackung. Es f\u00fchrt schl\u00fcsselfertige Komplettprojekte im Bereich Verpackung, Palettierung und interner Transport durch, so dass es dem Kunden sowohl mit einer Komplettl\u00f6sung als auch mit Einzell\u00f6sungen auf bestehenden Linien zur Verf\u00fcgung steht.<\/span><\/p><p><span class=\"tlid-translation translation\" lang=\"de\">Ein gro\u00dfer Teil des Gesch\u00e4fts ist ein ausl\u00e4ndischer Markt, daher ist es f\u00fcr die zuk\u00fcnftige Wettbewerbsf\u00e4higkeit des Unternehmens \u00e4u\u00dferst wichtig, den E-Commerce zu verbessern, da dies seine Wettbewerbsposition weiter st\u00e4rken und die M\u00f6glichkeit des internationalen Verkaufs erh\u00f6hen wird. Zu diesem Zweck haben wir im Zeitraum 2019-2022 die von Spirit Slovenia ver\u00f6ffentlichte Ausschreibung &#8222;Digitalisierung im Unternehmen Insar&#8220;.<\/span><\/p><p><span class=\"tlid-translation translation\" lang=\"de\">Ziel des Vorhabens ist die Einrichtung oder Verbesserung des E-Commerce durch Ma\u00dfnahmen wie digitale Ausstellungsr\u00e4ume, Website f\u00fcr ausl\u00e4ndische M\u00e4rkte, Online-Shop, Produktverkaufsvideo und St\u00e4rkung der Kompetenzen &#8211; Schulung, weitere Verbesserung der M\u00f6glichkeiten f\u00fcr den Eintritt in ausl\u00e4ndische M\u00e4rkte, Gewinnung neuer Kunden Verbesserung der Kommunikation mit Gesch\u00e4ftspartnern und Kunden, Erh\u00f6hung der Sichtbarkeit auf ausl\u00e4ndischen M\u00e4rkten, Verbesserung der Kompetenzen von Mitarbeitern und Management und damit Steigerung der internationalen Wettbewerbsf\u00e4higkeit.<\/span><\/p><p><span class=\"tlid-translation translation\" lang=\"de\">Im Rahmen der Ausschreibung erhielten wir eine Kofinanzierung f\u00fcr die Dienstleistungen externer Auftragnehmer in H\u00f6he von 70% der f\u00f6rderf\u00e4higen Kosten. Die \u00f6ffentliche Ausschreibung wird mit Hilfe des Europ\u00e4ischer Fonds f\u00fcr regionale Entwicklung kofinanziert: <a href=\"http:\/\/www.eu-skladi.si\" target=\"_blank\" rel=\"noopener\">www.eu-skladi.si<\/a>, Ministerium f\u00fcr wirtschaftliche Entwicklung und Technologie: <a href=\"http:\/\/www.mgrt.gov.si\" target=\"_blank\" rel=\"noopener\">www.mgrt.gov.si<\/a> und SPIRIT Slowenien, \u00f6ffentliche Entwicklungsagentur: <a href=\"http:\/\/www.spiritslovenia.si\" target=\"_blank\" rel=\"noopener\">www.spiritslovenia.si<\/a>.<\/span><\/p><p>\u00a0<\/p><hr \/><p>\u00a0<\/p><h2>Digitalizacija v podjetju Insar<\/h2><p>Podjetje Insar d.o.o je ponudnik sodobnih re\u0161itev na podro\u010dju sekundarnega in tercialnega pakiranja. Izvaja kompletne projekte na klju\u010d na podro\u010dju pakiranja, paletiranja in internega transporta, kar pomeni, da je za kupca na voljo tako s kompletno re\u0161itvijo kot s posameznimi re\u0161itvami na obstoje\u010dih linijah.<\/p><p>Ker velik del poslovanja predstavlja tuji trg, je za prihodnjo konkuren\u010dnost podjetja izredno pomembno izbolj\u0161ati e-poslovanje, saj bo s tem podjetje \u0161e okrepilo svoj konkuren\u010dni polo\u017eaj in pove\u010dalo mo\u017enost prodaje na mednarodni ravni. S tem namenom smo se prijavili na Javni razpis za vzpostavitev ali nadgradnjo elektronskega poslovanja v MSP v obdobju 2019-2022 \u00bbE-POSLOVANJE 2019-2022\u00ab, ki ga je objavil Spirit Slovenija, s projektom \u00bbDigitalizacija v podjetju Insar\u00ab.<\/p><p>Cilji operacije so z vzpostavitvijo ali nadgradnjo elektronskega poslovanja, preko ukrepov kot so Digitalizacija nastopov na sejmih, Spletne strani za tuje trge, Spletna trgovina, Produktno-prodajni video in Krepitvijo kompetenc \u2013 usposabljanja, \u0161e pove\u010dati mo\u017enosti vstopa na tuje trge, pridobivati nove kupce, izbolj\u0161ati komunikacijo s poslovnimi partnerji in kupci, pove\u010dati prepoznavnost na tujih trgih, izbolj\u0161ati kompetence zaposlenih in vodstva ter posledi\u010dno pove\u010dati mednarodno konkuren\u010dnost<\/p><p>V okviru razpisa smo pridobili sofinanciranje storitev zunanjih izvajalcev v vi\u0161ini 70% upravi\u010denih stro\u0161kov. Javni razpis je sofinanciran s pomo\u010djo Evropskega sklada za regionalni razvoj: <a href=\"http:\/\/www.eu-skladi.si\/\" target=\"_blank\" rel=\"noopener\">www.eu-skladi.si<\/a>, Ministrstva za gospodarski razvoj in tehnologijo: <a href=\"http:\/\/www.mgrt.gov.si\/\" target=\"_blank\" rel=\"noopener\">www.mgrt.gov.si<\/a> ter SPIRIT Slovenija, javne agencije: <a href=\"http:\/\/www.spiritslovenia.si\/\" target=\"_blank\" rel=\"noopener\">www.spiritslovenia.si<\/a>. Nalo\u017ebo sofinancirata Republika Slovenija in Evropska unija iz Evropskega sklada za regionalni razvoj.<\/p>\t\t\t\t\t\t\t\t<\/div>\n\t\t\t\t<\/div>\n\t\t\t\t\t<\/div>\n\t\t<\/div>\n\t\t\t\t\t<\/div>\n\t\t<\/section>\n\t\t\t\t<section class=\"elementor-section elementor-top-section elementor-element elementor-element-7296776 elementor-section-boxed elementor-section-height-default elementor-section-height-default\" data-id=\"7296776\" data-element_type=\"section\" data-e-type=\"section\">\n\t\t\t\t\t\t<div class=\"elementor-container elementor-column-gap-default\">\n\t\t\t\t\t<div class=\"elementor-column elementor-col-100 elementor-top-column elementor-element elementor-element-fb98f2f\" data-id=\"fb98f2f\" data-element_type=\"column\" data-e-type=\"column\" data-settings=\"{&quot;background_background&quot;:&quot;classic&quot;}\">\n\t\t\t<div class=\"elementor-widget-wrap elementor-element-populated\">\n\t\t\t\t\t\t<section class=\"elementor-section elementor-inner-section elementor-element elementor-element-10c6230 elementor-section-boxed elementor-section-height-default elementor-section-height-default\" data-id=\"10c6230\" data-element_type=\"section\" data-e-type=\"section\">\n\t\t\t\t\t\t<div class=\"elementor-container elementor-column-gap-default\">\n\t\t\t\t\t<div class=\"elementor-column elementor-col-33 elementor-inner-column elementor-element elementor-element-d921a80\" data-id=\"d921a80\" data-element_type=\"column\" data-e-type=\"column\">\n\t\t\t<div class=\"elementor-widget-wrap elementor-element-populated\">\n\t\t\t\t\t\t<div class=\"elementor-element elementor-element-fb01a9c elementor-widget elementor-widget-image\" data-id=\"fb01a9c\" data-element_type=\"widget\" data-e-type=\"widget\" data-widget_type=\"image.default\">\n\t\t\t\t<div class=\"elementor-widget-container\">\n\t\t\t\t\t\t\t\t\t\t\t\t\t\t\t\t<a href=\"http:\/\/www.eu-skladi.si\/\">\n\t\t\t\t\t\t\t<img decoding=\"async\" width=\"300\" height=\"90\" src=\"https:\/\/www.insar.eu\/wp-content\/uploads\/2020\/09\/spirit-eng-300x90.jpg\" class=\"attachment-medium size-medium wp-image-58653\" alt=\"\" srcset=\"https:\/\/www.insar.eu\/wp-content\/uploads\/2020\/09\/spirit-eng-300x90.jpg 300w, https:\/\/www.insar.eu\/wp-content\/uploads\/2020\/09\/spirit-eng.jpg 442w\" sizes=\"(max-width: 300px) 100vw, 300px\" \/>\t\t\t\t\t\t\t\t<\/a>\n\t\t\t\t\t\t\t\t\t\t\t\t\t\t\t<\/div>\n\t\t\t\t<\/div>\n\t\t\t\t\t<\/div>\n\t\t<\/div>\n\t\t\t\t<div class=\"elementor-column elementor-col-33 elementor-inner-column elementor-element elementor-element-654eaf5\" data-id=\"654eaf5\" data-element_type=\"column\" data-e-type=\"column\">\n\t\t\t<div class=\"elementor-widget-wrap elementor-element-populated\">\n\t\t\t\t\t\t<div class=\"elementor-element elementor-element-73ccfb8 elementor-widget elementor-widget-image\" data-id=\"73ccfb8\" data-element_type=\"widget\" data-e-type=\"widget\" data-widget_type=\"image.default\">\n\t\t\t\t<div class=\"elementor-widget-container\">\n\t\t\t\t\t\t\t\t\t\t\t\t\t\t\t\t<a href=\"http:\/\/www.eu-skladi.si\/\">\n\t\t\t\t\t\t\t<img decoding=\"async\" width=\"300\" height=\"51\" src=\"https:\/\/www.insar.eu\/wp-content\/uploads\/2020\/09\/mrgt-eng-300x51.png\" class=\"attachment-medium size-medium wp-image-58656\" alt=\"\" srcset=\"https:\/\/www.insar.eu\/wp-content\/uploads\/2020\/09\/mrgt-eng-300x51.png 300w, https:\/\/www.insar.eu\/wp-content\/uploads\/2020\/09\/mrgt-eng.png 367w\" sizes=\"(max-width: 300px) 100vw, 300px\" \/>\t\t\t\t\t\t\t\t<\/a>\n\t\t\t\t\t\t\t\t\t\t\t\t\t\t\t<\/div>\n\t\t\t\t<\/div>\n\t\t\t\t\t<\/div>\n\t\t<\/div>\n\t\t\t\t<div class=\"elementor-column elementor-col-33 elementor-inner-column elementor-element elementor-element-264e94f\" data-id=\"264e94f\" data-element_type=\"column\" data-e-type=\"column\">\n\t\t\t<div class=\"elementor-widget-wrap elementor-element-populated\">\n\t\t\t\t\t\t<div class=\"elementor-element elementor-element-4fb263e elementor-widget elementor-widget-image\" data-id=\"4fb263e\" data-element_type=\"widget\" data-e-type=\"widget\" data-widget_type=\"image.default\">\n\t\t\t\t<div class=\"elementor-widget-container\">\n\t\t\t\t\t\t\t\t\t\t\t\t\t\t\t\t<a href=\"http:\/\/www.eu-skladi.si\/\">\n\t\t\t\t\t\t\t<img decoding=\"async\" width=\"241\" height=\"100\" src=\"https:\/\/www.insar.eu\/wp-content\/uploads\/2020\/09\/logo-ekp-eng.jpg\" class=\"attachment-medium size-medium wp-image-58638\" alt=\"\" \/>\t\t\t\t\t\t\t\t<\/a>\n\t\t\t\t\t\t\t\t\t\t\t\t\t\t\t<\/div>\n\t\t\t\t<\/div>\n\t\t\t\t\t<\/div>\n\t\t<\/div>\n\t\t\t\t\t<\/div>\n\t\t<\/section>\n\t\t\t\t\t<\/div>\n\t\t<\/div>\n\t\t\t\t\t<\/div>\n\t\t<\/section>\n\t\t\t\t<\/div>\n\t\t","protected":false},"excerpt":{"rendered":"<p>Digitalisierung in Firma Insar Insar d.o.o. ist ein Anbieter moderner L\u00f6sungen im Bereich der Sekund\u00e4r- und Terti\u00e4rverpackung. Es f\u00fchrt schl\u00fcsselfertige Komplettprojekte im Bereich Verpackung, Palettierung und interner Transport durch, so dass es dem Kunden sowohl mit einer Komplettl\u00f6sung als auch mit Einzell\u00f6sungen auf bestehenden Linien zur Verf\u00fcgung steht. Ein gro\u00dfer Teil des Gesch\u00e4fts ist ein&hellip;<\/p>\n","protected":false},"author":2,"featured_media":0,"parent":0,"menu_order":0,"comment_status":"closed","ping_status":"closed","template":"","meta":{"footnotes":""},"class_list":["post-58667","page","type-page","status-publish","hentry"],"yoast_head":"<!-- This site is optimized with the Yoast SEO plugin v27.6 - https:\/\/yoast.com\/product\/yoast-seo-wordpress\/ -->\n<title>Projekt E-poslovanje 2019-2022 &#187; Insar<\/title>\n<meta name=\"robots\" content=\"index, follow, max-snippet:-1, max-image-preview:large, max-video-preview:-1\" \/>\n<link rel=\"canonical\" href=\"https:\/\/www.insar.eu\/de\/projekte\/\" \/>\n<meta property=\"og:locale\" content=\"de_DE\" \/>\n<meta property=\"og:type\" content=\"article\" \/>\n<meta property=\"og:title\" content=\"Projekt E-poslovanje 2019-2022 &#187; Insar\" \/>\n<meta property=\"og:description\" content=\"Digitalisierung in Firma Insar Insar d.o.o. ist ein Anbieter moderner L\u00f6sungen im Bereich der Sekund\u00e4r- und Terti\u00e4rverpackung. Es f\u00fchrt schl\u00fcsselfertige Komplettprojekte im Bereich Verpackung, Palettierung und interner Transport durch, so dass es dem Kunden sowohl mit einer Komplettl\u00f6sung als auch mit Einzell\u00f6sungen auf bestehenden Linien zur Verf\u00fcgung steht. Ein gro\u00dfer Teil des Gesch\u00e4fts ist ein&hellip;\" \/>\n<meta property=\"og:url\" content=\"https:\/\/www.insar.eu\/de\/projekte\/\" \/>\n<meta property=\"og:site_name\" content=\"Insar\" \/>\n<meta property=\"article:modified_time\" content=\"2020-10-28T10:54:17+00:00\" \/>\n<meta property=\"og:image\" content=\"https:\/\/www.insar.eu\/wp-content\/uploads\/2020\/09\/spirit-eng-300x90.jpg\" \/>\n<meta name=\"twitter:card\" content=\"summary_large_image\" \/>\n<meta name=\"twitter:label1\" content=\"Gesch\u00e4tzte Lesezeit\" \/>\n\t<meta name=\"twitter:data1\" content=\"3\u00a0Minuten\" \/>\n<script type=\"application\/ld+json\" class=\"yoast-schema-graph\">{\"@context\":\"https:\\\/\\\/schema.org\",\"@graph\":[{\"@type\":\"WebPage\",\"@id\":\"https:\\\/\\\/www.insar.eu\\\/de\\\/projekte\\\/\",\"url\":\"https:\\\/\\\/www.insar.eu\\\/de\\\/projekte\\\/\",\"name\":\"Projekt E-poslovanje 2019-2022 &#187; Insar\",\"isPartOf\":{\"@id\":\"https:\\\/\\\/www.insar.eu\\\/de\\\/#website\"},\"primaryImageOfPage\":{\"@id\":\"https:\\\/\\\/www.insar.eu\\\/de\\\/projekte\\\/#primaryimage\"},\"image\":{\"@id\":\"https:\\\/\\\/www.insar.eu\\\/de\\\/projekte\\\/#primaryimage\"},\"thumbnailUrl\":\"https:\\\/\\\/www.insar.eu\\\/wp-content\\\/uploads\\\/2020\\\/09\\\/spirit-eng-300x90.jpg\",\"datePublished\":\"2020-09-23T08:04:55+00:00\",\"dateModified\":\"2020-10-28T10:54:17+00:00\",\"breadcrumb\":{\"@id\":\"https:\\\/\\\/www.insar.eu\\\/de\\\/projekte\\\/#breadcrumb\"},\"inLanguage\":\"de\",\"potentialAction\":[{\"@type\":\"ReadAction\",\"target\":[\"https:\\\/\\\/www.insar.eu\\\/de\\\/projekte\\\/\"]}]},{\"@type\":\"ImageObject\",\"inLanguage\":\"de\",\"@id\":\"https:\\\/\\\/www.insar.eu\\\/de\\\/projekte\\\/#primaryimage\",\"url\":\"https:\\\/\\\/www.insar.eu\\\/wp-content\\\/uploads\\\/2020\\\/09\\\/spirit-eng-300x90.jpg\",\"contentUrl\":\"https:\\\/\\\/www.insar.eu\\\/wp-content\\\/uploads\\\/2020\\\/09\\\/spirit-eng-300x90.jpg\"},{\"@type\":\"BreadcrumbList\",\"@id\":\"https:\\\/\\\/www.insar.eu\\\/de\\\/projekte\\\/#breadcrumb\",\"itemListElement\":[{\"@type\":\"ListItem\",\"position\":1,\"name\":\"Home\",\"item\":\"https:\\\/\\\/www.insar.eu\\\/de\\\/\"},{\"@type\":\"ListItem\",\"position\":2,\"name\":\"Projekt E-poslovanje 2019-2022\"}]},{\"@type\":\"WebSite\",\"@id\":\"https:\\\/\\\/www.insar.eu\\\/de\\\/#website\",\"url\":\"https:\\\/\\\/www.insar.eu\\\/de\\\/\",\"name\":\"Insar\",\"description\":\"Respect For Technology\",\"publisher\":{\"@id\":\"https:\\\/\\\/www.insar.eu\\\/de\\\/#organization\"},\"potentialAction\":[{\"@type\":\"SearchAction\",\"target\":{\"@type\":\"EntryPoint\",\"urlTemplate\":\"https:\\\/\\\/www.insar.eu\\\/de\\\/?s={search_term_string}\"},\"query-input\":{\"@type\":\"PropertyValueSpecification\",\"valueRequired\":true,\"valueName\":\"search_term_string\"}}],\"inLanguage\":\"de\"},{\"@type\":\"Organization\",\"@id\":\"https:\\\/\\\/www.insar.eu\\\/de\\\/#organization\",\"name\":\"Insar\",\"url\":\"https:\\\/\\\/www.insar.eu\\\/de\\\/\",\"logo\":{\"@type\":\"ImageObject\",\"inLanguage\":\"de\",\"@id\":\"https:\\\/\\\/www.insar.eu\\\/de\\\/#\\\/schema\\\/logo\\\/image\\\/\",\"url\":\"https:\\\/\\\/www.insar.eu\\\/wp-content\\\/uploads\\\/2020\\\/09\\\/insar-logo.png\",\"contentUrl\":\"https:\\\/\\\/www.insar.eu\\\/wp-content\\\/uploads\\\/2020\\\/09\\\/insar-logo.png\",\"width\":241,\"height\":81,\"caption\":\"Insar\"},\"image\":{\"@id\":\"https:\\\/\\\/www.insar.eu\\\/de\\\/#\\\/schema\\\/logo\\\/image\\\/\"},\"sameAs\":[\"https:\\\/\\\/www.linkedin.com\\\/company\\\/insar-d-o-o\\\/\"]}]}<\/script>\n<!-- \/ Yoast SEO plugin. -->","yoast_head_json":{"title":"Projekt E-poslovanje 2019-2022 &#187; Insar","robots":{"index":"index","follow":"follow","max-snippet":"max-snippet:-1","max-image-preview":"max-image-preview:large","max-video-preview":"max-video-preview:-1"},"canonical":"https:\/\/www.insar.eu\/de\/projekte\/","og_locale":"de_DE","og_type":"article","og_title":"Projekt E-poslovanje 2019-2022 &#187; Insar","og_description":"Digitalisierung in Firma Insar Insar d.o.o. ist ein Anbieter moderner L\u00f6sungen im Bereich der Sekund\u00e4r- und Terti\u00e4rverpackung. Es f\u00fchrt schl\u00fcsselfertige Komplettprojekte im Bereich Verpackung, Palettierung und interner Transport durch, so dass es dem Kunden sowohl mit einer Komplettl\u00f6sung als auch mit Einzell\u00f6sungen auf bestehenden Linien zur Verf\u00fcgung steht. Ein gro\u00dfer Teil des Gesch\u00e4fts ist ein&hellip;","og_url":"https:\/\/www.insar.eu\/de\/projekte\/","og_site_name":"Insar","article_modified_time":"2020-10-28T10:54:17+00:00","og_image":[{"url":"https:\/\/www.insar.eu\/wp-content\/uploads\/2020\/09\/spirit-eng-300x90.jpg","type":"","width":"","height":""}],"twitter_card":"summary_large_image","twitter_misc":{"Gesch\u00e4tzte Lesezeit":"3\u00a0Minuten"},"schema":{"@context":"https:\/\/schema.org","@graph":[{"@type":"WebPage","@id":"https:\/\/www.insar.eu\/de\/projekte\/","url":"https:\/\/www.insar.eu\/de\/projekte\/","name":"Projekt E-poslovanje 2019-2022 &#187; Insar","isPartOf":{"@id":"https:\/\/www.insar.eu\/de\/#website"},"primaryImageOfPage":{"@id":"https:\/\/www.insar.eu\/de\/projekte\/#primaryimage"},"image":{"@id":"https:\/\/www.insar.eu\/de\/projekte\/#primaryimage"},"thumbnailUrl":"https:\/\/www.insar.eu\/wp-content\/uploads\/2020\/09\/spirit-eng-300x90.jpg","datePublished":"2020-09-23T08:04:55+00:00","dateModified":"2020-10-28T10:54:17+00:00","breadcrumb":{"@id":"https:\/\/www.insar.eu\/de\/projekte\/#breadcrumb"},"inLanguage":"de","potentialAction":[{"@type":"ReadAction","target":["https:\/\/www.insar.eu\/de\/projekte\/"]}]},{"@type":"ImageObject","inLanguage":"de","@id":"https:\/\/www.insar.eu\/de\/projekte\/#primaryimage","url":"https:\/\/www.insar.eu\/wp-content\/uploads\/2020\/09\/spirit-eng-300x90.jpg","contentUrl":"https:\/\/www.insar.eu\/wp-content\/uploads\/2020\/09\/spirit-eng-300x90.jpg"},{"@type":"BreadcrumbList","@id":"https:\/\/www.insar.eu\/de\/projekte\/#breadcrumb","itemListElement":[{"@type":"ListItem","position":1,"name":"Home","item":"https:\/\/www.insar.eu\/de\/"},{"@type":"ListItem","position":2,"name":"Projekt E-poslovanje 2019-2022"}]},{"@type":"WebSite","@id":"https:\/\/www.insar.eu\/de\/#website","url":"https:\/\/www.insar.eu\/de\/","name":"Insar","description":"Respect For Technology","publisher":{"@id":"https:\/\/www.insar.eu\/de\/#organization"},"potentialAction":[{"@type":"SearchAction","target":{"@type":"EntryPoint","urlTemplate":"https:\/\/www.insar.eu\/de\/?s={search_term_string}"},"query-input":{"@type":"PropertyValueSpecification","valueRequired":true,"valueName":"search_term_string"}}],"inLanguage":"de"},{"@type":"Organization","@id":"https:\/\/www.insar.eu\/de\/#organization","name":"Insar","url":"https:\/\/www.insar.eu\/de\/","logo":{"@type":"ImageObject","inLanguage":"de","@id":"https:\/\/www.insar.eu\/de\/#\/schema\/logo\/image\/","url":"https:\/\/www.insar.eu\/wp-content\/uploads\/2020\/09\/insar-logo.png","contentUrl":"https:\/\/www.insar.eu\/wp-content\/uploads\/2020\/09\/insar-logo.png","width":241,"height":81,"caption":"Insar"},"image":{"@id":"https:\/\/www.insar.eu\/de\/#\/schema\/logo\/image\/"},"sameAs":["https:\/\/www.linkedin.com\/company\/insar-d-o-o\/"]}]}},"_links":{"self":[{"href":"https:\/\/www.insar.eu\/de\/wp-json\/wp\/v2\/pages\/58667","targetHints":{"allow":["GET"]}}],"collection":[{"href":"https:\/\/www.insar.eu\/de\/wp-json\/wp\/v2\/pages"}],"about":[{"href":"https:\/\/www.insar.eu\/de\/wp-json\/wp\/v2\/types\/page"}],"author":[{"embeddable":true,"href":"https:\/\/www.insar.eu\/de\/wp-json\/wp\/v2\/users\/2"}],"replies":[{"embeddable":true,"href":"https:\/\/www.insar.eu\/de\/wp-json\/wp\/v2\/comments?post=58667"}],"version-history":[{"count":10,"href":"https:\/\/www.insar.eu\/de\/wp-json\/wp\/v2\/pages\/58667\/revisions"}],"predecessor-version":[{"id":59516,"href":"https:\/\/www.insar.eu\/de\/wp-json\/wp\/v2\/pages\/58667\/revisions\/59516"}],"wp:attachment":[{"href":"https:\/\/www.insar.eu\/de\/wp-json\/wp\/v2\/media?parent=58667"}],"curies":[{"name":"wp","href":"https:\/\/api.w.org\/{rel}","templated":true}]}}