{"id":59068,"date":"2020-03-19T09:34:27","date_gmt":"2020-03-19T09:34:27","guid":{"rendered":"https:\/\/www.insar.si\/privacy-policy\/"},"modified":"2020-10-08T11:24:40","modified_gmt":"2020-10-08T09:24:40","slug":"datenschutz","status":"publish","type":"page","link":"https:\/\/www.insar.eu\/de\/datenschutz\/","title":{"rendered":"Datenschutzerkl\u00e4rung"},"content":{"rendered":"\t\t<div data-elementor-type=\"wp-page\" data-elementor-id=\"59068\" class=\"elementor elementor-59068 elementor-3\" data-elementor-post-type=\"page\">\n\t\t\t\t\t\t<section class=\"elementor-section elementor-top-section elementor-element elementor-element-538e01b6 elementor-section-boxed elementor-section-height-default elementor-section-height-default\" data-id=\"538e01b6\" data-element_type=\"section\" data-e-type=\"section\">\n\t\t\t\t\t\t<div class=\"elementor-container elementor-column-gap-default\">\n\t\t\t\t\t<div class=\"elementor-column elementor-col-100 elementor-top-column elementor-element elementor-element-d4c20fd\" data-id=\"d4c20fd\" data-element_type=\"column\" data-e-type=\"column\">\n\t\t\t<div class=\"elementor-widget-wrap elementor-element-populated\">\n\t\t\t\t\t\t<div class=\"elementor-element elementor-element-2f8cfb0b elementor-widget elementor-widget-text-editor\" data-id=\"2f8cfb0b\" data-element_type=\"widget\" data-e-type=\"widget\" data-widget_type=\"text-editor.default\">\n\t\t\t\t<div class=\"elementor-widget-container\">\n\t\t\t\t\t\t\t\t\t<h2>Betreiber von personenbezogenen Daten und Kontaktdaten<\/h2><p>Diese Politik gilt f\u00fcr die Bearbeitung (Anwendung) jeglicher personenbezogenen Daten, ausgef\u00fchrt von Gesellschaft Insar d.o.o (Betreiber).<\/p><p><strong>Betreiberdaten:<\/strong><\/p><p>Insar d.o.o.<br \/>Lendavska ulica 5A<br \/>SI-9000 Murska Sobota<br \/>Handelsregisternummer: 6835279000<br \/>Telefon: +386 2 530 33 70<br \/>E-mail: info@insar.eu<\/p><h3>Welche personenbezogene Daten werden bearbeitet<\/h3><ul><li>Grundlegende Kontaktdaten (Name, E-Mail-Adresse);<\/li><li>Daten \u00fcber die Verwendung unserer Internetseite (Klicks auf Links, verbrauchte Zeit);<\/li><li>Daten, ben\u00f6tigt f\u00fcr die Erf\u00fcllung des Vertrages und die Lieferung der gekauften Ware (Verkaufsgegenstand, Preis, Lieferadresse, Lieferzeit, Zahlungsart, Zahlungsdatum, Daten \u00fcber Mangelr\u00fcgen, Daten \u00fcber die ausgestellte Rechnung usw.).<\/li><\/ul><h3>Rechtsgrundlagen f\u00fcr die Bearbeitung der personenbezogenen Daten<\/h3><p>Ihre personenbezogene Daten k\u00f6nnen wir auf der Grundlage der folgenden Rechtsgrundlagen bearbeiten:<\/p><ul><li>bei Bedarf f\u00fcr die Erf\u00fcllung unserer gesetzlichen Pflichten (z. B. Ausstellung von Rechnungen f\u00fcr die gekaufte Ware);<\/li><li>wenn die Bearbeitung Ihrer personenbezogenen Daten f\u00fcr den Abschluss und die Erf\u00fcllung des Vertrags, welchen Sie mit uns abgeschlossen haben, n\u00f6tig war und weil Sie von uns einen Kostenvoranschlag verlangten;<\/li><li>wenn Sie die Einwilligung f\u00fcr die Bearbeitung Ihrer personenbezogenen Daten f\u00fcr einzelne Bearbeitungszwecke gegeben haben, wobei Sie immer das Recht haben, diese Einwilligung zu widerrufen.<\/li><\/ul><h3>Zweck der Bearbeitung personenbezogener Daten<\/h3><p>Ihre personenbezogene Daten k\u00f6nnen wir f\u00fcr einen oder mehrere der folgenden Zwecke verwenden:<\/p><ul><li>die Kommunikation mit Ihnen f\u00fcr die Gew\u00e4hrleistung unserer Leistungen und die Beantwortung Ihrer Fragen;<\/li><li>Vertragsschlie\u00dfung und Erf\u00fcllung von Vertragspflichten;<\/li><li>Inanspruchnahme von jeglichen Rechtsanspr\u00fcchen und Streitbeilegung;<\/li><li>statistische Analyse \u00fcber den Verkauf unserer Ware und Benutzung unserer Internetseite.<\/li><\/ul><h3>Wie lange werden Ihre personenbezogene Daten gespeichert und was geschieht mit den Daten nach dem Verlauf dieser Frist<\/h3><p>Die grundlegenden personenbezogenen Daten speichern die ganze Zeit, in der Sie als Benutzer auf unserer Internetseite registriert sind.<\/p><p>Die personenbezogene Daten, welche wir auf Grundlage Ihrer Einwilligung bearbeiten, speichern wir dauerhaft bzw. solange Sie die Einwilligung nicht widerrufen.<\/p><p>Die Daten \u00fcber die ausgestellten Rechnungen speichern wir 10 Jahre ab der Rechnungsausstellung.<\/p><p>Die Daten, welche f\u00fcr den Abschluss und die Erf\u00fcllung des Vertrages zwischen unserem Unternehmen und Ihnen notwendig sind, werden noch 5 Jahre nach der Vertragserf\u00fcllung (Warenlieferung) gespeichert.<\/p><p>Nach dem Ablauf der Frist f\u00fcr die Speicherung von personenbezogenen Daten werden diese wirksam gel\u00f6scht oder anonymisiert, was bedeutet, die Daten werden auf die Weise bearbeitet, dass sie nie mit Ihnen in Verbindung gesetzt oder Ihnen zugeteilt werden k\u00f6nnen.<\/p><h3>Freiwillige \u00dcbermittlung von Daten<\/h3><p>Die \u00dcbermittlung von Daten ist freiwillig. Sie sind nicht verpflichtet, Ihre personenbezogene Daten an uns zu \u00fcbermitteln, wobei wir in diesem Fall nicht mit Ihnen einen Vertrag anschlie\u00dfen k\u00f6nnen (wir ben\u00f6tigen die Daten n\u00e4mlich f\u00fcr die Lieferung).<\/p><h3>Wer hat Zugang zu Ihren Daten<\/h3><p>Ihre personenbezogene Daten \u00fcbermitteln wir nicht an Dritte und machen Dritte nicht mit diesen vertraut (au\u00dferhalb der Gesellschaft Insar d.o.o., au\u00dfer diejenige Dritte, die mit uns einen schriftlichen Vertrag abgeschlossen haben, auf dessen Grundlage bestimmte Arbeiten hinsichtlich der Datenbearbeitung ausgef\u00fchrt werden. Diese Dritten sind verpflichtet, die Gesetzgebung \u00fcber die Verarbeitung und den Schutz von personenbezogenen Daten zu befolgen (s. g. Vertragsbearbeiter)). Die Vertragsbearbeiter, an welche die personenbezogenen Daten \u00fcbermittelt werden, sind:<\/p><ul><li>Anbieter von Programmierl\u00f6sungen;<\/li><li>Lieferdienstleister.<\/li><\/ul><p>Die Vertragsbearbeiter d\u00fcrfen die personenbezogene Daten nur gem\u00e4\u00df unseren Anweisungen bearbeiten und d\u00fcrfen diese nicht f\u00fcr eigene Zwecke bearbeiten. Sie sind, zusammen mit Ihren Mitarbeitern, zur vertraulichen Behandlung Ihrer personenbezogenen Daten verpflichtet.<\/p><h3>Welche Rechte haben Sie bez\u00fcglich personenbezogenen Daten, wie k\u00f6nnen Sie die Einwilligung widerrufen und welche sind die Folgen einer Widerrufung<\/h3><p>Bez\u00fcglich Ihrer personenbezogenen Daten haben Sie folgende Rechte:<\/p><p>\u2013 Sie k\u00f6nnen jederzeit von uns folgendes verlangen:<\/p><ul><li>eine Best\u00e4tigung dar\u00fcber, ob wir Ihre personenbezogene Daten bearbeiten;<\/li><li>Zugang zu den personenbezogenen Daten und folgende Informationen: Bearbeitungszweck, Art der personenbezogenen Daten, Benutzer oder Benutzerkategorien, welchen die personenbezogenen Daten offengelegt wurden oder werden, vor allem die Benutzer in Drittl\u00e4ndern oder internationalen Organisationen, voraussichtliche Zeit der Speicherung von Daten oder wenn dies nicht m\u00f6glich ist, die Kriterien f\u00fcr die Bestimmung dieser Zeit, das Bestehen von automatischen Entscheidungen, einschlie\u00dflich Profilerstellung und die Gr\u00fcnde sowie die Bedeutung und voraussichtliche Folgen solcher Datenbearbeitung f\u00fcr Sie;<\/li><li>eine (kostenlose) Kopie von personenbezogenen Daten in Form, die Sie selbst bestimmen (wenn der Anspruch auf einem elektronischen Kommunikationsmedium eingereicht worden ist und Sie nicht anders verlangen, wird die Kopie in elektronischer Form \u00fcbermittelt), f\u00fcr die von Ihnen verlangte zus\u00e4tzliche Kopien k\u00f6nnen wir Ihnen die entsprechende Geb\u00fchr f\u00fcr die entstandene Kosten verrechnen;<\/li><li>Korrektur von ungenauen personenbezogenen Daten;<\/li><li>Beschr\u00e4nkung der Bearbeitung, wenn:<ul><li>Sie die Genauigkeit der personenbezogenen Daten bestritten, und zwar f\u00fcr die Zeit, in welcher die Genauigkeit der Daten \u00fcberpr\u00fcft werden kann;<\/li><li>die Bearbeitung widerrechtlich ist und Sie dem L\u00f6schen von personenbezogenen Daten widersprechen und stattdessen die Begrenzung ihrer Anwendung verlangen;<\/li><li>wir die personenbezogene Daten f\u00fcr die Bearbeitung nicht mehr ben\u00f6tigen, Sie brauchen aber die Daten f\u00fcr die Inanspruchnahme, Ausf\u00fchrung und Verteidigung von Rechtsanspr\u00fcchen;<\/li><\/ul><\/li><li>L\u00f6schung aller personenbezogenen Daten (Recht auf Vergessenwerden), wenn alle Voraussetzungen des Artikels 17 der Datenschutz-Grundverordnung erf\u00fcllt sind, vor allem aber wenn Sie die Einwilligung f\u00fcr die Bearbeitung personenbezogenen Daten widerrufen;<\/li><li>Ausdruck von personenbezogenen Daten in einer strukturierten, allgemein anwendbaren und maschinell lesbaren Form, mit dem Recht, diese Daten an einen andren Betreiber zu \u00fcbermitteln, ohne dass wir Sie dabei hindern;<\/li><li>Beendigung der Anwendung von personenbezogenen Daten f\u00fcr Zwecke der Direktwerbung, einschlie\u00dflich Profilerstellung;<\/li><li>f\u00fcr Sie die Entscheidung, die nur auf automatisierter Bearbeitung ber\u00fchrt, nicht gilt, einschlie\u00dflich Profilerstellung, wenn die Voraussetzungen des Artikels 22 der Datenschutz-Grundverordnung erf\u00fcllt sind;<\/li><\/ul><p>\u2013 das Recht besteht, bei dem Informationsbeauftragten eine Beschwerde gegen uns einzureichen, wenn Sie der Meinung sind, dass wir mit der Bearbeitung Ihrer personenbezogenen Daten die Datenschutz-Grundverordnung verletzen.<\/p><h3>Inanspruchnahme von Rechten<\/h3><p>Ihre Anspr\u00fcche, welche die Aus\u00fcbung von Rechten hinsichtlich den personenbezogenen Daten betreffen, k\u00f6nnen Sie in schriftlicher Form auf irgendwelche Kontaktdaten schicken, die am Anfang dieses Dokumentes unter Betreiber von personenbezogenen Daten und Kontaktdaten angef\u00fchrt sind.<\/p><p>F\u00fcr eine verl\u00e4ssliche Identifikation im Falle der Aus\u00fcbung von Rechten hinsichtlich der personenbezogenen Daten k\u00f6nnen wir von Ihnen zus\u00e4tzliche Informationen anfordern, k\u00f6nnen aber eine Handlung nur dann verweigern, wenn wir Sie nicht identifizieren k\u00f6nnen.<\/p><p>Ihren Anspruch, mit welchem sie Ihre Rechte hinsichtlich den personenbezogenen Daten aus\u00fcben, m\u00fcssen wir ohne unn\u00f6tige Verz\u00f6gerung und sp\u00e4testens innerhalb eines Monats vom Erhalt beantworten.<\/p><p>Jede \u00c4nderung unserer Politik \u00fcber den Schutz von personenbezogenen Daten wird auf dieser Internetseite ver\u00f6ffentlicht.<\/p>\t\t\t\t\t\t\t\t<\/div>\n\t\t\t\t<\/div>\n\t\t\t\t\t<\/div>\n\t\t<\/div>\n\t\t\t\t\t<\/div>\n\t\t<\/section>\n\t\t\t\t<\/div>\n\t\t","protected":false},"excerpt":{"rendered":"<p>Betreiber von personenbezogenen Daten und Kontaktdaten Diese Politik gilt f\u00fcr die Bearbeitung (Anwendung) jeglicher personenbezogenen Daten, ausgef\u00fchrt von Gesellschaft Insar d.o.o (Betreiber). Betreiberdaten: Insar d.o.o.Lendavska ulica 5ASI-9000 Murska SobotaHandelsregisternummer: 6835279000Telefon: +386 2 530 33 70E-mail: info@insar.eu Welche personenbezogene Daten werden bearbeitet Grundlegende Kontaktdaten (Name, E-Mail-Adresse); Daten \u00fcber die Verwendung unserer Internetseite (Klicks auf Links, verbrauchte&hellip;<\/p>\n","protected":false},"author":2,"featured_media":0,"parent":0,"menu_order":0,"comment_status":"closed","ping_status":"open","template":"","meta":{"footnotes":""},"class_list":["post-59068","page","type-page","status-publish","hentry"],"yoast_head":"<!-- This site is optimized with the Yoast SEO plugin v27.6 - https:\/\/yoast.com\/product\/yoast-seo-wordpress\/ -->\n<title>Datenschutzerkl\u00e4rung &#187; Insar<\/title>\n<meta name=\"robots\" content=\"index, follow, max-snippet:-1, max-image-preview:large, max-video-preview:-1\" \/>\n<link rel=\"canonical\" href=\"https:\/\/www.insar.eu\/de\/datenschutz\/\" \/>\n<meta property=\"og:locale\" content=\"de_DE\" \/>\n<meta property=\"og:type\" content=\"article\" \/>\n<meta property=\"og:title\" content=\"Datenschutzerkl\u00e4rung &#187; Insar\" \/>\n<meta property=\"og:description\" content=\"Betreiber von personenbezogenen Daten und Kontaktdaten Diese Politik gilt f\u00fcr die Bearbeitung (Anwendung) jeglicher personenbezogenen Daten, ausgef\u00fchrt von Gesellschaft Insar d.o.o (Betreiber). Betreiberdaten: Insar d.o.o.Lendavska ulica 5ASI-9000 Murska SobotaHandelsregisternummer: 6835279000Telefon: +386 2 530 33 70E-mail: info@insar.eu Welche personenbezogene Daten werden bearbeitet Grundlegende Kontaktdaten (Name, E-Mail-Adresse); Daten \u00fcber die Verwendung unserer Internetseite (Klicks auf Links, verbrauchte&hellip;\" \/>\n<meta property=\"og:url\" content=\"https:\/\/www.insar.eu\/de\/datenschutz\/\" \/>\n<meta property=\"og:site_name\" content=\"Insar\" \/>\n<meta property=\"article:modified_time\" content=\"2020-10-08T09:24:40+00:00\" \/>\n<meta name=\"twitter:card\" content=\"summary_large_image\" \/>\n<meta name=\"twitter:label1\" content=\"Gesch\u00e4tzte Lesezeit\" \/>\n\t<meta name=\"twitter:data1\" content=\"5\u00a0Minuten\" \/>\n<script type=\"application\/ld+json\" class=\"yoast-schema-graph\">{\"@context\":\"https:\\\/\\\/schema.org\",\"@graph\":[{\"@type\":\"WebPage\",\"@id\":\"https:\\\/\\\/www.insar.eu\\\/de\\\/datenschutz\\\/\",\"url\":\"https:\\\/\\\/www.insar.eu\\\/de\\\/datenschutz\\\/\",\"name\":\"Datenschutzerkl\u00e4rung &#187; Insar\",\"isPartOf\":{\"@id\":\"https:\\\/\\\/www.insar.eu\\\/de\\\/#website\"},\"datePublished\":\"2020-03-19T09:34:27+00:00\",\"dateModified\":\"2020-10-08T09:24:40+00:00\",\"breadcrumb\":{\"@id\":\"https:\\\/\\\/www.insar.eu\\\/de\\\/datenschutz\\\/#breadcrumb\"},\"inLanguage\":\"de\",\"potentialAction\":[{\"@type\":\"ReadAction\",\"target\":[\"https:\\\/\\\/www.insar.eu\\\/de\\\/datenschutz\\\/\"]}]},{\"@type\":\"BreadcrumbList\",\"@id\":\"https:\\\/\\\/www.insar.eu\\\/de\\\/datenschutz\\\/#breadcrumb\",\"itemListElement\":[{\"@type\":\"ListItem\",\"position\":1,\"name\":\"Home\",\"item\":\"https:\\\/\\\/www.insar.eu\\\/de\\\/\"},{\"@type\":\"ListItem\",\"position\":2,\"name\":\"Datenschutzerkl\u00e4rung\"}]},{\"@type\":\"WebSite\",\"@id\":\"https:\\\/\\\/www.insar.eu\\\/de\\\/#website\",\"url\":\"https:\\\/\\\/www.insar.eu\\\/de\\\/\",\"name\":\"Insar\",\"description\":\"Respect For Technology\",\"publisher\":{\"@id\":\"https:\\\/\\\/www.insar.eu\\\/de\\\/#organization\"},\"potentialAction\":[{\"@type\":\"SearchAction\",\"target\":{\"@type\":\"EntryPoint\",\"urlTemplate\":\"https:\\\/\\\/www.insar.eu\\\/de\\\/?s={search_term_string}\"},\"query-input\":{\"@type\":\"PropertyValueSpecification\",\"valueRequired\":true,\"valueName\":\"search_term_string\"}}],\"inLanguage\":\"de\"},{\"@type\":\"Organization\",\"@id\":\"https:\\\/\\\/www.insar.eu\\\/de\\\/#organization\",\"name\":\"Insar\",\"url\":\"https:\\\/\\\/www.insar.eu\\\/de\\\/\",\"logo\":{\"@type\":\"ImageObject\",\"inLanguage\":\"de\",\"@id\":\"https:\\\/\\\/www.insar.eu\\\/de\\\/#\\\/schema\\\/logo\\\/image\\\/\",\"url\":\"https:\\\/\\\/www.insar.eu\\\/wp-content\\\/uploads\\\/2020\\\/09\\\/insar-logo.png\",\"contentUrl\":\"https:\\\/\\\/www.insar.eu\\\/wp-content\\\/uploads\\\/2020\\\/09\\\/insar-logo.png\",\"width\":241,\"height\":81,\"caption\":\"Insar\"},\"image\":{\"@id\":\"https:\\\/\\\/www.insar.eu\\\/de\\\/#\\\/schema\\\/logo\\\/image\\\/\"},\"sameAs\":[\"https:\\\/\\\/www.linkedin.com\\\/company\\\/insar-d-o-o\\\/\"]}]}<\/script>\n<!-- \/ Yoast SEO plugin. -->","yoast_head_json":{"title":"Datenschutzerkl\u00e4rung &#187; Insar","robots":{"index":"index","follow":"follow","max-snippet":"max-snippet:-1","max-image-preview":"max-image-preview:large","max-video-preview":"max-video-preview:-1"},"canonical":"https:\/\/www.insar.eu\/de\/datenschutz\/","og_locale":"de_DE","og_type":"article","og_title":"Datenschutzerkl\u00e4rung &#187; Insar","og_description":"Betreiber von personenbezogenen Daten und Kontaktdaten Diese Politik gilt f\u00fcr die Bearbeitung (Anwendung) jeglicher personenbezogenen Daten, ausgef\u00fchrt von Gesellschaft Insar d.o.o (Betreiber). Betreiberdaten: Insar d.o.o.Lendavska ulica 5ASI-9000 Murska SobotaHandelsregisternummer: 6835279000Telefon: +386 2 530 33 70E-mail: info@insar.eu Welche personenbezogene Daten werden bearbeitet Grundlegende Kontaktdaten (Name, E-Mail-Adresse); Daten \u00fcber die Verwendung unserer Internetseite (Klicks auf Links, verbrauchte&hellip;","og_url":"https:\/\/www.insar.eu\/de\/datenschutz\/","og_site_name":"Insar","article_modified_time":"2020-10-08T09:24:40+00:00","twitter_card":"summary_large_image","twitter_misc":{"Gesch\u00e4tzte Lesezeit":"5\u00a0Minuten"},"schema":{"@context":"https:\/\/schema.org","@graph":[{"@type":"WebPage","@id":"https:\/\/www.insar.eu\/de\/datenschutz\/","url":"https:\/\/www.insar.eu\/de\/datenschutz\/","name":"Datenschutzerkl\u00e4rung &#187; Insar","isPartOf":{"@id":"https:\/\/www.insar.eu\/de\/#website"},"datePublished":"2020-03-19T09:34:27+00:00","dateModified":"2020-10-08T09:24:40+00:00","breadcrumb":{"@id":"https:\/\/www.insar.eu\/de\/datenschutz\/#breadcrumb"},"inLanguage":"de","potentialAction":[{"@type":"ReadAction","target":["https:\/\/www.insar.eu\/de\/datenschutz\/"]}]},{"@type":"BreadcrumbList","@id":"https:\/\/www.insar.eu\/de\/datenschutz\/#breadcrumb","itemListElement":[{"@type":"ListItem","position":1,"name":"Home","item":"https:\/\/www.insar.eu\/de\/"},{"@type":"ListItem","position":2,"name":"Datenschutzerkl\u00e4rung"}]},{"@type":"WebSite","@id":"https:\/\/www.insar.eu\/de\/#website","url":"https:\/\/www.insar.eu\/de\/","name":"Insar","description":"Respect For Technology","publisher":{"@id":"https:\/\/www.insar.eu\/de\/#organization"},"potentialAction":[{"@type":"SearchAction","target":{"@type":"EntryPoint","urlTemplate":"https:\/\/www.insar.eu\/de\/?s={search_term_string}"},"query-input":{"@type":"PropertyValueSpecification","valueRequired":true,"valueName":"search_term_string"}}],"inLanguage":"de"},{"@type":"Organization","@id":"https:\/\/www.insar.eu\/de\/#organization","name":"Insar","url":"https:\/\/www.insar.eu\/de\/","logo":{"@type":"ImageObject","inLanguage":"de","@id":"https:\/\/www.insar.eu\/de\/#\/schema\/logo\/image\/","url":"https:\/\/www.insar.eu\/wp-content\/uploads\/2020\/09\/insar-logo.png","contentUrl":"https:\/\/www.insar.eu\/wp-content\/uploads\/2020\/09\/insar-logo.png","width":241,"height":81,"caption":"Insar"},"image":{"@id":"https:\/\/www.insar.eu\/de\/#\/schema\/logo\/image\/"},"sameAs":["https:\/\/www.linkedin.com\/company\/insar-d-o-o\/"]}]}},"_links":{"self":[{"href":"https:\/\/www.insar.eu\/de\/wp-json\/wp\/v2\/pages\/59068","targetHints":{"allow":["GET"]}}],"collection":[{"href":"https:\/\/www.insar.eu\/de\/wp-json\/wp\/v2\/pages"}],"about":[{"href":"https:\/\/www.insar.eu\/de\/wp-json\/wp\/v2\/types\/page"}],"author":[{"embeddable":true,"href":"https:\/\/www.insar.eu\/de\/wp-json\/wp\/v2\/users\/2"}],"replies":[{"embeddable":true,"href":"https:\/\/www.insar.eu\/de\/wp-json\/wp\/v2\/comments?post=59068"}],"version-history":[{"count":5,"href":"https:\/\/www.insar.eu\/de\/wp-json\/wp\/v2\/pages\/59068\/revisions"}],"predecessor-version":[{"id":59181,"href":"https:\/\/www.insar.eu\/de\/wp-json\/wp\/v2\/pages\/59068\/revisions\/59181"}],"wp:attachment":[{"href":"https:\/\/www.insar.eu\/de\/wp-json\/wp\/v2\/media?parent=59068"}],"curies":[{"name":"wp","href":"https:\/\/api.w.org\/{rel}","templated":true}]}}