{"id":58615,"date":"2020-06-23T16:18:29","date_gmt":"2020-06-23T14:18:29","guid":{"rendered":"https:\/\/www.insar.si\/product\/pallet-roller-conveyor\/"},"modified":"2020-10-12T09:50:46","modified_gmt":"2020-10-12T07:50:46","slug":"paletten-rollenforderer","status":"publish","type":"product","link":"https:\/\/www.insar.eu\/de\/produkt\/paletten-rollenforderer\/","title":{"rendered":"Paletten-Rollenf\u00f6rderer"},"content":{"rendered":"<ul>\n<li>Stahlkonstruktion (pulverbeschichtet)<\/li>\n<li>\u00bbHeavy duty\u00ab Stahlrohr D89 mm (Rollenteilung 182,5mm)<\/li>\n<li>H\u00f6henverstellbare F\u00fc\u00dfe (verzinkt)<\/li>\n<li>Rolle-zu-Rolle 10 B-2 \u00dcbertragungskette<\/li>\n<li>Seitlicher Motorantrieb<\/li>\n<li>Fotozellen und Reflektoren mit Halterungen sind im Lieferumfang enthalten<\/li>\n<li>Einschlie\u00dflich seitlich montierter Halterungen f\u00fcr Kabelrinnen<\/li>\n<\/ul>\n<p><img fetchpriority=\"high\" decoding=\"async\" class=\"alignnone size-full wp-image-4734\" src=\"https:\/\/www.insar.si\/wp-content\/uploads\/2020\/06\/insar-product-pallet-conveyors-roller-conveyor-02.jpg\" alt=\"\" width=\"1200\" height=\"600\" data-mce-src=\"https:\/\/www.insar.si\/wp-content\/uploads\/2020\/06\/insar-product-pallet-conveyors-roller-conveyor-02.jpg\"><\/p>\n","protected":false},"excerpt":{"rendered":"<p>Palettenf\u00f6rderer sind f\u00fcr den zuverl\u00e4ssigen und effizienten Transport von Paletten in vielen verschiedenen Branchen ausgelegt.<\/p>\n","protected":false},"featured_media":59255,"template":"","meta":[],"product_brand":[],"product_cat":[458],"product_tag":[459],"class_list":{"0":"post-58615","1":"product","2":"type-product","3":"status-publish","4":"has-post-thumbnail","6":"product_cat-paletten-rollenforderer","7":"product_tag-palettenforderer","8":"description-off","10":"first","11":"onbackorder","12":"taxable","13":"shipping-taxable","14":"purchasable","15":"product-type-variable","16":"has-default-attributes"},"yoast_head":"<!-- This site is optimized with the Yoast SEO plugin v27.6 - https:\/\/yoast.com\/product\/yoast-seo-wordpress\/ -->\n<title>Paletten-Rollenf\u00f6rderer &#187; Insar<\/title>\n<meta name=\"robots\" content=\"index, follow, max-snippet:-1, max-image-preview:large, max-video-preview:-1\" \/>\n<link rel=\"canonical\" href=\"https:\/\/www.insar.eu\/de\/produkt\/paletten-rollenforderer\/\" \/>\n<meta property=\"og:locale\" content=\"de_DE\" \/>\n<meta property=\"og:type\" content=\"article\" \/>\n<meta property=\"og:title\" content=\"Paletten-Rollenf\u00f6rderer &#187; Insar\" \/>\n<meta property=\"og:description\" content=\"Palettenf\u00f6rderer sind f\u00fcr den zuverl\u00e4ssigen und effizienten Transport von Paletten in vielen verschiedenen Branchen ausgelegt.\" \/>\n<meta property=\"og:url\" content=\"https:\/\/www.insar.eu\/de\/produkt\/paletten-rollenforderer\/\" \/>\n<meta property=\"og:site_name\" content=\"Insar\" \/>\n<meta property=\"article:modified_time\" content=\"2020-10-12T07:50:46+00:00\" \/>\n<meta property=\"og:image\" content=\"https:\/\/www.insar.eu\/wp-content\/uploads\/insar-product-pallet-conveyors-roller-conveyor-03.jpg\" \/>\n\t<meta property=\"og:image:width\" content=\"1200\" \/>\n\t<meta property=\"og:image:height\" content=\"1200\" \/>\n\t<meta property=\"og:image:type\" content=\"image\/jpeg\" \/>\n<meta name=\"twitter:card\" content=\"summary_large_image\" \/>\n<script type=\"application\/ld+json\" class=\"yoast-schema-graph\">{\"@context\":\"https:\\\/\\\/schema.org\",\"@graph\":[{\"@type\":[\"WebPage\",\"ItemPage\"],\"@id\":\"https:\\\/\\\/www.insar.eu\\\/de\\\/produkt\\\/paletten-rollenforderer\\\/\",\"url\":\"https:\\\/\\\/www.insar.eu\\\/de\\\/produkt\\\/paletten-rollenforderer\\\/\",\"name\":\"Paletten-Rollenf\u00f6rderer &#187; Insar\",\"isPartOf\":{\"@id\":\"https:\\\/\\\/www.insar.eu\\\/de\\\/#website\"},\"primaryImageOfPage\":{\"@id\":\"https:\\\/\\\/www.insar.eu\\\/de\\\/produkt\\\/paletten-rollenforderer\\\/#primaryimage\"},\"image\":{\"@id\":\"https:\\\/\\\/www.insar.eu\\\/de\\\/produkt\\\/paletten-rollenforderer\\\/#primaryimage\"},\"thumbnailUrl\":\"https:\\\/\\\/www.insar.eu\\\/wp-content\\\/uploads\\\/insar-product-pallet-conveyors-roller-conveyor-03.jpg\",\"datePublished\":\"2020-06-23T14:18:29+00:00\",\"dateModified\":\"2020-10-12T07:50:46+00:00\",\"breadcrumb\":{\"@id\":\"https:\\\/\\\/www.insar.eu\\\/de\\\/produkt\\\/paletten-rollenforderer\\\/#breadcrumb\"},\"inLanguage\":\"de\",\"potentialAction\":[{\"@type\":\"ReadAction\",\"target\":[\"https:\\\/\\\/www.insar.eu\\\/de\\\/produkt\\\/paletten-rollenforderer\\\/\"]}]},{\"@type\":\"ImageObject\",\"inLanguage\":\"de\",\"@id\":\"https:\\\/\\\/www.insar.eu\\\/de\\\/produkt\\\/paletten-rollenforderer\\\/#primaryimage\",\"url\":\"https:\\\/\\\/www.insar.eu\\\/wp-content\\\/uploads\\\/insar-product-pallet-conveyors-roller-conveyor-03.jpg\",\"contentUrl\":\"https:\\\/\\\/www.insar.eu\\\/wp-content\\\/uploads\\\/insar-product-pallet-conveyors-roller-conveyor-03.jpg\",\"width\":1200,\"height\":1200},{\"@type\":\"BreadcrumbList\",\"@id\":\"https:\\\/\\\/www.insar.eu\\\/de\\\/produkt\\\/paletten-rollenforderer\\\/#breadcrumb\",\"itemListElement\":[{\"@type\":\"ListItem\",\"position\":1,\"name\":\"Home\",\"item\":\"https:\\\/\\\/www.insar.eu\\\/de\\\/\"},{\"@type\":\"ListItem\",\"position\":2,\"name\":\"Online-Shop\",\"item\":\"https:\\\/\\\/www.insar.eu\\\/de\\\/online-shop\\\/\"},{\"@type\":\"ListItem\",\"position\":3,\"name\":\"Paletten-Rollenf\u00f6rderer\"}]},{\"@type\":\"WebSite\",\"@id\":\"https:\\\/\\\/www.insar.eu\\\/de\\\/#website\",\"url\":\"https:\\\/\\\/www.insar.eu\\\/de\\\/\",\"name\":\"Insar\",\"description\":\"Respect For Technology\",\"publisher\":{\"@id\":\"https:\\\/\\\/www.insar.eu\\\/de\\\/#organization\"},\"potentialAction\":[{\"@type\":\"SearchAction\",\"target\":{\"@type\":\"EntryPoint\",\"urlTemplate\":\"https:\\\/\\\/www.insar.eu\\\/de\\\/?s={search_term_string}\"},\"query-input\":{\"@type\":\"PropertyValueSpecification\",\"valueRequired\":true,\"valueName\":\"search_term_string\"}}],\"inLanguage\":\"de\"},{\"@type\":\"Organization\",\"@id\":\"https:\\\/\\\/www.insar.eu\\\/de\\\/#organization\",\"name\":\"Insar\",\"url\":\"https:\\\/\\\/www.insar.eu\\\/de\\\/\",\"logo\":{\"@type\":\"ImageObject\",\"inLanguage\":\"de\",\"@id\":\"https:\\\/\\\/www.insar.eu\\\/de\\\/#\\\/schema\\\/logo\\\/image\\\/\",\"url\":\"https:\\\/\\\/www.insar.eu\\\/wp-content\\\/uploads\\\/2020\\\/09\\\/insar-logo.png\",\"contentUrl\":\"https:\\\/\\\/www.insar.eu\\\/wp-content\\\/uploads\\\/2020\\\/09\\\/insar-logo.png\",\"width\":241,\"height\":81,\"caption\":\"Insar\"},\"image\":{\"@id\":\"https:\\\/\\\/www.insar.eu\\\/de\\\/#\\\/schema\\\/logo\\\/image\\\/\"},\"sameAs\":[\"https:\\\/\\\/www.linkedin.com\\\/company\\\/insar-d-o-o\\\/\"]}]}<\/script>\n<!-- \/ Yoast SEO plugin. -->","yoast_head_json":{"title":"Paletten-Rollenf\u00f6rderer &#187; Insar","robots":{"index":"index","follow":"follow","max-snippet":"max-snippet:-1","max-image-preview":"max-image-preview:large","max-video-preview":"max-video-preview:-1"},"canonical":"https:\/\/www.insar.eu\/de\/produkt\/paletten-rollenforderer\/","og_locale":"de_DE","og_type":"article","og_title":"Paletten-Rollenf\u00f6rderer &#187; Insar","og_description":"Palettenf\u00f6rderer sind f\u00fcr den zuverl\u00e4ssigen und effizienten Transport von Paletten in vielen verschiedenen Branchen ausgelegt.","og_url":"https:\/\/www.insar.eu\/de\/produkt\/paletten-rollenforderer\/","og_site_name":"Insar","article_modified_time":"2020-10-12T07:50:46+00:00","og_image":[{"width":1200,"height":1200,"url":"https:\/\/www.insar.eu\/wp-content\/uploads\/insar-product-pallet-conveyors-roller-conveyor-03.jpg","type":"image\/jpeg"}],"twitter_card":"summary_large_image","schema":{"@context":"https:\/\/schema.org","@graph":[{"@type":["WebPage","ItemPage"],"@id":"https:\/\/www.insar.eu\/de\/produkt\/paletten-rollenforderer\/","url":"https:\/\/www.insar.eu\/de\/produkt\/paletten-rollenforderer\/","name":"Paletten-Rollenf\u00f6rderer &#187; Insar","isPartOf":{"@id":"https:\/\/www.insar.eu\/de\/#website"},"primaryImageOfPage":{"@id":"https:\/\/www.insar.eu\/de\/produkt\/paletten-rollenforderer\/#primaryimage"},"image":{"@id":"https:\/\/www.insar.eu\/de\/produkt\/paletten-rollenforderer\/#primaryimage"},"thumbnailUrl":"https:\/\/www.insar.eu\/wp-content\/uploads\/insar-product-pallet-conveyors-roller-conveyor-03.jpg","datePublished":"2020-06-23T14:18:29+00:00","dateModified":"2020-10-12T07:50:46+00:00","breadcrumb":{"@id":"https:\/\/www.insar.eu\/de\/produkt\/paletten-rollenforderer\/#breadcrumb"},"inLanguage":"de","potentialAction":[{"@type":"ReadAction","target":["https:\/\/www.insar.eu\/de\/produkt\/paletten-rollenforderer\/"]}]},{"@type":"ImageObject","inLanguage":"de","@id":"https:\/\/www.insar.eu\/de\/produkt\/paletten-rollenforderer\/#primaryimage","url":"https:\/\/www.insar.eu\/wp-content\/uploads\/insar-product-pallet-conveyors-roller-conveyor-03.jpg","contentUrl":"https:\/\/www.insar.eu\/wp-content\/uploads\/insar-product-pallet-conveyors-roller-conveyor-03.jpg","width":1200,"height":1200},{"@type":"BreadcrumbList","@id":"https:\/\/www.insar.eu\/de\/produkt\/paletten-rollenforderer\/#breadcrumb","itemListElement":[{"@type":"ListItem","position":1,"name":"Home","item":"https:\/\/www.insar.eu\/de\/"},{"@type":"ListItem","position":2,"name":"Online-Shop","item":"https:\/\/www.insar.eu\/de\/online-shop\/"},{"@type":"ListItem","position":3,"name":"Paletten-Rollenf\u00f6rderer"}]},{"@type":"WebSite","@id":"https:\/\/www.insar.eu\/de\/#website","url":"https:\/\/www.insar.eu\/de\/","name":"Insar","description":"Respect For Technology","publisher":{"@id":"https:\/\/www.insar.eu\/de\/#organization"},"potentialAction":[{"@type":"SearchAction","target":{"@type":"EntryPoint","urlTemplate":"https:\/\/www.insar.eu\/de\/?s={search_term_string}"},"query-input":{"@type":"PropertyValueSpecification","valueRequired":true,"valueName":"search_term_string"}}],"inLanguage":"de"},{"@type":"Organization","@id":"https:\/\/www.insar.eu\/de\/#organization","name":"Insar","url":"https:\/\/www.insar.eu\/de\/","logo":{"@type":"ImageObject","inLanguage":"de","@id":"https:\/\/www.insar.eu\/de\/#\/schema\/logo\/image\/","url":"https:\/\/www.insar.eu\/wp-content\/uploads\/2020\/09\/insar-logo.png","contentUrl":"https:\/\/www.insar.eu\/wp-content\/uploads\/2020\/09\/insar-logo.png","width":241,"height":81,"caption":"Insar"},"image":{"@id":"https:\/\/www.insar.eu\/de\/#\/schema\/logo\/image\/"},"sameAs":["https:\/\/www.linkedin.com\/company\/insar-d-o-o\/"]}]}},"_links":{"self":[{"href":"https:\/\/www.insar.eu\/de\/wp-json\/wp\/v2\/product\/58615","targetHints":{"allow":["GET"]}}],"collection":[{"href":"https:\/\/www.insar.eu\/de\/wp-json\/wp\/v2\/product"}],"about":[{"href":"https:\/\/www.insar.eu\/de\/wp-json\/wp\/v2\/types\/product"}],"version-history":[{"count":4,"href":"https:\/\/www.insar.eu\/de\/wp-json\/wp\/v2\/product\/58615\/revisions"}],"predecessor-version":[{"id":59279,"href":"https:\/\/www.insar.eu\/de\/wp-json\/wp\/v2\/product\/58615\/revisions\/59279"}],"wp:featuredmedia":[{"embeddable":true,"href":"https:\/\/www.insar.eu\/de\/wp-json\/wp\/v2\/media\/59255"}],"wp:attachment":[{"href":"https:\/\/www.insar.eu\/de\/wp-json\/wp\/v2\/media?parent=58615"}],"wp:term":[{"taxonomy":"product_brand","embeddable":true,"href":"https:\/\/www.insar.eu\/de\/wp-json\/wp\/v2\/product_brand?post=58615"},{"taxonomy":"product_cat","embeddable":true,"href":"https:\/\/www.insar.eu\/de\/wp-json\/wp\/v2\/product_cat?post=58615"},{"taxonomy":"product_tag","embeddable":true,"href":"https:\/\/www.insar.eu\/de\/wp-json\/wp\/v2\/product_tag?post=58615"}],"curies":[{"name":"wp","href":"https:\/\/api.w.org\/{rel}","templated":true}]}}